{"id":6673,"date":"2019-03-01T12:12:21","date_gmt":"2019-03-01T12:12:21","guid":{"rendered":"https:\/\/demo.goodlayers.com\/attorna\/?page_id=6673"},"modified":"2026-01-05T16:06:34","modified_gmt":"2026-01-05T15:06:34","slug":"droit-des-societes-fusion-acquisition","status":"publish","type":"page","link":"https:\/\/bocobleadadvocates.com\/en\/droit-des-societes-fusion-acquisition\/","title":{"rendered":"Corporate Law\u00a0"},"content":{"rendered":"<p class=\"has-text-align-left\">Our team has strong capabilities in creating (incorporation and registration) companies, ensuring their survival and growth, and managing their assets. Through legal mechanisms, the team is capable of supporting, guiding, and leading companies in difficulty; moreover, this also applies to resolving disputes between partners or shareholders through audit, legal advice, and counsel.<\/p>\n\n\n\n<h5 class=\"wp-block-heading\">1. Business creation and structuring<\/h5>\n\n\n\n<p>Support in choosing the legal status, drafting the articles of association, and setting up governance.<\/p>\n\n\n\n<h5 class=\"wp-block-heading\">2. Mergers and Acquisitions<\/h5>\n\n\n\n<p>Legal due diligence, drafting of transfer agreements, negotiation and securing of transactions.<\/p>\n\n\n\n<h5 class=\"wp-block-heading\">3. Restructuring and reorganization<\/h5>\n\n\n\n<p>Optimization of legal and tax structure to promote growth.<\/p>\n\n\n\n<h5 class=\"wp-block-heading\">4. Strategic support<\/h5>\n\n\n\n<p>Personalized advice for every step, from daily decisions to planning complex transactions.<\/p>","protected":false},"excerpt":{"rendered":"<p>Notre \u00e9quipe regorge des capacit\u00e9s solides \u00e0 cr\u00e9er (constitution et immatriculation) des soci\u00e9t\u00e9s, de garantir leur survie et \u00e9volution et g\u00e9rer par ailleurs leur patrimoine. Au travers de m\u00e9canismes juridiques, l\u00e9gaux l\u2019\u00e9quipe a les capacit\u00e9s \u00e0 relever accompagner diriger les entreprises en difficult\u00e9s\u00a0; Il n\u2019en demeure d\u2019ailleurs pas moins du r\u00e8glement de litiges entre Associ\u00e9s [&hellip;]<\/p>","protected":false},"author":3,"featured_media":0,"parent":0,"menu_order":0,"comment_status":"closed","ping_status":"closed","template":"","meta":{"footnotes":""},"class_list":["post-6673","page","type-page","status-publish","hentry"],"_links":{"self":[{"href":"https:\/\/bocobleadadvocates.com\/en\/wp-json\/wp\/v2\/pages\/6673","targetHints":{"allow":["GET"]}}],"collection":[{"href":"https:\/\/bocobleadadvocates.com\/en\/wp-json\/wp\/v2\/pages"}],"about":[{"href":"https:\/\/bocobleadadvocates.com\/en\/wp-json\/wp\/v2\/types\/page"}],"author":[{"embeddable":true,"href":"https:\/\/bocobleadadvocates.com\/en\/wp-json\/wp\/v2\/users\/3"}],"replies":[{"embeddable":true,"href":"https:\/\/bocobleadadvocates.com\/en\/wp-json\/wp\/v2\/comments?post=6673"}],"version-history":[{"count":5,"href":"https:\/\/bocobleadadvocates.com\/en\/wp-json\/wp\/v2\/pages\/6673\/revisions"}],"predecessor-version":[{"id":8029,"href":"https:\/\/bocobleadadvocates.com\/en\/wp-json\/wp\/v2\/pages\/6673\/revisions\/8029"}],"wp:attachment":[{"href":"https:\/\/bocobleadadvocates.com\/en\/wp-json\/wp\/v2\/media?parent=6673"}],"curies":[{"name":"wp","href":"https:\/\/api.w.org\/{rel}","templated":true}]}}