{"id":6684,"date":"2019-03-01T12:33:15","date_gmt":"2019-03-01T12:33:15","guid":{"rendered":"https:\/\/demo.goodlayers.com\/attorna\/?page_id=6684"},"modified":"2026-01-05T15:51:39","modified_gmt":"2026-01-05T14:51:39","slug":"droit-du-travail","status":"publish","type":"page","link":"https:\/\/bocobleadadvocates.com\/en\/droit-du-travail\/","title":{"rendered":"Labor law"},"content":{"rendered":"<p>Our firm supports <strong>employers and employees<\/strong> in managing their employment relationships, both in advisory and litigation matters.<\/p>\n\n\n\n<p>Our expertise ensures proper drafting, monitoring, and termination of employment contracts. In addition to provident and social protection, we are committed to advising on labor disputes, health, and safety.<\/p>\n\n\n\n<h5 class=\"wp-block-heading\">1. Advice and support<\/h5>\n\n\n\n<ul class=\"wp-block-list\">\n<li>Drafting and securing employment contracts<\/li>\n\n\n\n<li>Advice on the rights and obligations of employers and employees<\/li>\n\n\n\n<li>Compliance with current labor legislation<\/li>\n\n\n\n<li>Disciplinary management and sanction procedures<\/li>\n\n\n\n<li>Support regarding dismissal (reasons, procedures, risks)<\/li>\n\n\n\n<li>Collective labor relations consulting<\/li>\n\n\n\n<li>Prevention of social disputes<\/li>\n<\/ul>\n\n\n\n<h5 class=\"wp-block-heading\">2. Employment Litigation<\/h5>\n\n\n\n<ul class=\"wp-block-list\">\n<li>Representation before labor courts<\/li>\n\n\n\n<li>Defense in case of unfair or wrongful dismissal<\/li>\n\n\n\n<li>Management of individual and collective conflicts<\/li>\n\n\n\n<li>Assistance with salaries, benefits, and compensation<\/li>\n\n\n\n<li>Disputes related to work accidents and occupational diseases<\/li>\n\n\n\n<li>Challenge or defense of disciplinary sanctions<\/li>\n<\/ul>\n\n\n\n<h5 class=\"wp-block-heading\">3. Business Assistance<\/h5>\n\n\n\n<ul class=\"wp-block-list\">\n<li>Social audit and legal risk assessment<\/li>\n\n\n\n<li>Support during restructurings and reorganizations<\/li>\n\n\n\n<li>Advice on social and regulatory compliance<\/li>\n\n\n\n<li>Management of relations with labor administrations<\/li>\n\n\n\n<li>Defense of executives in case of labor disputes<\/li>\n<\/ul>\n\n\n\n<p><\/p>","protected":false},"excerpt":{"rendered":"<p>Notre cabinet accompagne employeurs et salari\u00e9s dans la gestion de leurs relations de travail, tant en conseil qu\u2019en contentieux. Notre expertise garantie une bonne r\u00e9daction, suivi et r\u00e9siliation des contrats de travail, En plus de la pr\u00e9voyance et la protection sociale nous nous engageons dans le conseil contentieux social, hygi\u00e8ne et s\u00e9curit\u00e9. 1. Conseil et [&hellip;]<\/p>","protected":false},"author":3,"featured_media":0,"parent":0,"menu_order":0,"comment_status":"closed","ping_status":"closed","template":"","meta":{"footnotes":""},"class_list":["post-6684","page","type-page","status-publish","hentry"],"_links":{"self":[{"href":"https:\/\/bocobleadadvocates.com\/en\/wp-json\/wp\/v2\/pages\/6684","targetHints":{"allow":["GET"]}}],"collection":[{"href":"https:\/\/bocobleadadvocates.com\/en\/wp-json\/wp\/v2\/pages"}],"about":[{"href":"https:\/\/bocobleadadvocates.com\/en\/wp-json\/wp\/v2\/types\/page"}],"author":[{"embeddable":true,"href":"https:\/\/bocobleadadvocates.com\/en\/wp-json\/wp\/v2\/users\/3"}],"replies":[{"embeddable":true,"href":"https:\/\/bocobleadadvocates.com\/en\/wp-json\/wp\/v2\/comments?post=6684"}],"version-history":[{"count":5,"href":"https:\/\/bocobleadadvocates.com\/en\/wp-json\/wp\/v2\/pages\/6684\/revisions"}],"predecessor-version":[{"id":8023,"href":"https:\/\/bocobleadadvocates.com\/en\/wp-json\/wp\/v2\/pages\/6684\/revisions\/8023"}],"wp:attachment":[{"href":"https:\/\/bocobleadadvocates.com\/en\/wp-json\/wp\/v2\/media?parent=6684"}],"curies":[{"name":"wp","href":"https:\/\/api.w.org\/{rel}","templated":true}]}}