{"id":6696,"date":"2019-03-01T12:50:39","date_gmt":"2019-03-01T12:50:39","guid":{"rendered":"https:\/\/demo.goodlayers.com\/attorna\/?page_id=6696"},"modified":"2026-01-05T15:55:27","modified_gmt":"2026-01-05T14:55:27","slug":"droit-foncier","status":"publish","type":"page","link":"https:\/\/bocobleadadvocates.com\/en\/droit-foncier\/","title":{"rendered":"Land\/Real Estate Law"},"content":{"rendered":"<p><strong>N<\/strong>We assist and support our clients in real estate transactions through due diligence processes, land audits for the acquisition of property titles, lease signings, negotiations, investments, and various financing.<\/p>\n\n\n\n<p>Land and real estate law is a major issue for both individuals and businesses. Our firm supports its clients in <strong>legal protection of their land and real estate operations<\/strong>, both in risk prevention and in dispute resolution.<\/p>\n\n\n\n<p>We are involved at every stage of real estate projects: <strong>acquisition, sale, rental, management, and enhancement of properties<\/strong>, ensuring the consistency of the titles, the compliance of the deeds, and the effective protection of our clients' rights.<\/p>\n\n\n\n<p>Our expertise includes, in particular:<\/p>\n\n\n\n<ul class=\"wp-block-list\">\n<li>The <strong>verification and securing of land titles<\/strong><\/li>\n\n\n\n<li>Assistance with <strong>real estate transactions<\/strong> (sale, purchase, lease, mortgage)<\/li>\n\n\n\n<li>The management of <strong>land and property disputes<\/strong> (illegal occupations, property disputes, boundary marking)<\/li>\n\n\n\n<li>Disputes related to <strong>civil and commercial leases<\/strong><\/li>\n\n\n\n<li>L\u2019accompagnement des <strong>promoteurs et investisseurs immobiliers<\/strong><\/li>\n\n\n\n<li>La d\u00e9fense devant les <strong>juridictions comp\u00e9tentes et autorit\u00e9s administratives<\/strong><\/li>\n<\/ul>\n\n\n\n<p class=\"translation-block\">Thanks to a perfect knowledge of land realities and the applicable legal framework, our firm offers <strong>effective, tailored and sustainable solutions<\/strong>, guaranteeing the legal security of assets and the preservation of the patrimonial interests of its clients.<\/p>","protected":false},"excerpt":{"rendered":"<p>Nous assistons et accompagnons nos clients dans les transactions immobili\u00e8res au travers des m\u00e9canismes de due diligence, audit foncier pour l\u2019acquisition des titres de propri\u00e9t\u00e9, signature de baux, n\u00e9gociations, investissements et financement divers. Le droit foncier et immobilier constitue un enjeu majeur tant pour les particuliers que pour les entreprises. Notre cabinet accompagne ses clients [&hellip;]<\/p>","protected":false},"author":3,"featured_media":0,"parent":0,"menu_order":0,"comment_status":"closed","ping_status":"closed","template":"","meta":{"footnotes":""},"class_list":["post-6696","page","type-page","status-publish","hentry"],"_links":{"self":[{"href":"https:\/\/bocobleadadvocates.com\/en\/wp-json\/wp\/v2\/pages\/6696","targetHints":{"allow":["GET"]}}],"collection":[{"href":"https:\/\/bocobleadadvocates.com\/en\/wp-json\/wp\/v2\/pages"}],"about":[{"href":"https:\/\/bocobleadadvocates.com\/en\/wp-json\/wp\/v2\/types\/page"}],"author":[{"embeddable":true,"href":"https:\/\/bocobleadadvocates.com\/en\/wp-json\/wp\/v2\/users\/3"}],"replies":[{"embeddable":true,"href":"https:\/\/bocobleadadvocates.com\/en\/wp-json\/wp\/v2\/comments?post=6696"}],"version-history":[{"count":5,"href":"https:\/\/bocobleadadvocates.com\/en\/wp-json\/wp\/v2\/pages\/6696\/revisions"}],"predecessor-version":[{"id":8028,"href":"https:\/\/bocobleadadvocates.com\/en\/wp-json\/wp\/v2\/pages\/6696\/revisions\/8028"}],"wp:attachment":[{"href":"https:\/\/bocobleadadvocates.com\/en\/wp-json\/wp\/v2\/media?parent=6696"}],"curies":[{"name":"wp","href":"https:\/\/api.w.org\/{rel}","templated":true}]}}