{"id":6701,"date":"2019-03-01T12:56:14","date_gmt":"2019-03-01T12:56:14","guid":{"rendered":"https:\/\/demo.goodlayers.com\/attorna\/?page_id=6701"},"modified":"2026-01-05T16:20:38","modified_gmt":"2026-01-05T15:20:38","slug":"droit-petrolier-et-minier","status":"publish","type":"page","link":"https:\/\/bocobleadadvocates.com\/en\/droit-petrolier-et-minier\/","title":{"rendered":"Oil and mining law"},"content":{"rendered":"<p>Alongside mining investors, we structure and secure their investments through the mechanism of assistance and support for the implementation of their projects, obtaining the necessary permits and authorizations for extraction operations to develop their activities.<\/p>\n\n\n\n<p>Our firm assists companies and investors in their activities related to<strong>exploration, exploitation and marketing of oil and mineral resources<\/strong>.<br>We provide advisory and litigation services, particularly in the <strong>negotiation of agreements<\/strong>, respect for <strong>disputes and regulatory sanctions<\/strong>, the management of <strong>contractual and administrative disputes<\/strong>, as well as securing investments.<\/p>","protected":false},"excerpt":{"rendered":"<p>Au cot\u00e9 des investisseurs miniers, nous structurons et s\u00e9curisons leurs investissements par le m\u00e9canisme d\u2019assistance et d\u2019accompagnement de l\u2019impl\u00e9mentation de leurs projets, l\u2019obtention des agr\u00e9ments et autorisations d\u2019extractions d\u2019exploitations n\u00e9cessaires au d\u00e9veloppement de leurs activit\u00e9s. Notre cabinet accompagne les entreprises et investisseurs dans les activit\u00e9s d\u2019exploration, d\u2019exploitation et de commercialisation des ressources p\u00e9troli\u00e8res et mini\u00e8res.Nous [&hellip;]<\/p>","protected":false},"author":3,"featured_media":0,"parent":0,"menu_order":0,"comment_status":"closed","ping_status":"closed","template":"","meta":{"footnotes":""},"class_list":["post-6701","page","type-page","status-publish","hentry"],"_links":{"self":[{"href":"https:\/\/bocobleadadvocates.com\/en\/wp-json\/wp\/v2\/pages\/6701","targetHints":{"allow":["GET"]}}],"collection":[{"href":"https:\/\/bocobleadadvocates.com\/en\/wp-json\/wp\/v2\/pages"}],"about":[{"href":"https:\/\/bocobleadadvocates.com\/en\/wp-json\/wp\/v2\/types\/page"}],"author":[{"embeddable":true,"href":"https:\/\/bocobleadadvocates.com\/en\/wp-json\/wp\/v2\/users\/3"}],"replies":[{"embeddable":true,"href":"https:\/\/bocobleadadvocates.com\/en\/wp-json\/wp\/v2\/comments?post=6701"}],"version-history":[{"count":6,"href":"https:\/\/bocobleadadvocates.com\/en\/wp-json\/wp\/v2\/pages\/6701\/revisions"}],"predecessor-version":[{"id":8038,"href":"https:\/\/bocobleadadvocates.com\/en\/wp-json\/wp\/v2\/pages\/6701\/revisions\/8038"}],"wp:attachment":[{"href":"https:\/\/bocobleadadvocates.com\/en\/wp-json\/wp\/v2\/media?parent=6701"}],"curies":[{"name":"wp","href":"https:\/\/api.w.org\/{rel}","templated":true}]}}