{"id":7412,"date":"2023-09-19T08:51:28","date_gmt":"2023-09-19T08:51:28","guid":{"rendered":"https:\/\/demo.goodlayers.com\/attorna\/homepages\/demo7\/?page_id=7412"},"modified":"2026-01-05T16:11:48","modified_gmt":"2026-01-05T15:11:48","slug":"droit-des-telecoms-et-media","status":"publish","type":"page","link":"https:\/\/bocobleadadvocates.com\/en\/droit-des-telecoms-et-media\/","title":{"rendered":"Telecommunications and Media Law"},"content":{"rendered":"<p>We support telecommunications operators, technology companies, and media players in an ever-changing legal environment.<br>Our interventions focus on <strong>sector regulations<\/strong>, the obtaining of <strong>licenses and permits<\/strong>, compliance with the rules of <strong>communication and content protection<\/strong>, as well as the management of <strong>disputes and regulatory sanctions<\/strong>.<\/p>","protected":false},"excerpt":{"rendered":"<p>Nous accompagnons op\u00e9rateurs de t\u00e9l\u00e9communications, entreprises technologiques et acteurs des m\u00e9dias dans un environnement juridique en constante \u00e9volution.Nos interventions portent sur la r\u00e9glementation du secteur, l\u2019obtention des licences et autorisations, la conformit\u00e9 aux r\u00e8gles de communication et de protection des contenus, ainsi que la gestion des litiges et sanctions r\u00e9glementaires.<\/p>","protected":false},"author":3,"featured_media":0,"parent":0,"menu_order":0,"comment_status":"closed","ping_status":"closed","template":"","meta":{"footnotes":""},"class_list":["post-7412","page","type-page","status-publish","hentry"],"_links":{"self":[{"href":"https:\/\/bocobleadadvocates.com\/en\/wp-json\/wp\/v2\/pages\/7412","targetHints":{"allow":["GET"]}}],"collection":[{"href":"https:\/\/bocobleadadvocates.com\/en\/wp-json\/wp\/v2\/pages"}],"about":[{"href":"https:\/\/bocobleadadvocates.com\/en\/wp-json\/wp\/v2\/types\/page"}],"author":[{"embeddable":true,"href":"https:\/\/bocobleadadvocates.com\/en\/wp-json\/wp\/v2\/users\/3"}],"replies":[{"embeddable":true,"href":"https:\/\/bocobleadadvocates.com\/en\/wp-json\/wp\/v2\/comments?post=7412"}],"version-history":[{"count":5,"href":"https:\/\/bocobleadadvocates.com\/en\/wp-json\/wp\/v2\/pages\/7412\/revisions"}],"predecessor-version":[{"id":8031,"href":"https:\/\/bocobleadadvocates.com\/en\/wp-json\/wp\/v2\/pages\/7412\/revisions\/8031"}],"wp:attachment":[{"href":"https:\/\/bocobleadadvocates.com\/en\/wp-json\/wp\/v2\/media?parent=7412"}],"curies":[{"name":"wp","href":"https:\/\/api.w.org\/{rel}","templated":true}]}}