{"id":7471,"date":"2023-09-20T07:57:46","date_gmt":"2023-09-20T07:57:46","guid":{"rendered":"https:\/\/demo.goodlayers.com\/attorna\/homepages\/demo7\/?page_id=7471"},"modified":"2026-01-12T22:05:08","modified_gmt":"2026-01-12T21:05:08","slug":"droit-penal","status":"publish","type":"page","link":"https:\/\/bocobleadadvocates.com\/en\/droit-penal\/","title":{"rendered":"Droit p\u00e9nal des affaires"},"content":{"rendered":"<p>Passionate about criminal law, mastering specific techniques for examining oral evidence from witnesses and written evidence through documents, are immersed in a world of criminal science every day to guarantee the effectiveness of assistance, defense, and pleading in criminal matters;<\/p>\n\n\n\n<p>The art of oratory, the scientific analysis of the documents and the mastery of the examination stages confirm the exhilarating level of criminal matter by the team of the litigation department from the preparatory phase, from preliminary investigation to trial;<\/p>\n\n\n\n<h2 class=\"wp-block-heading\">Criminal law<\/h2>\n\n\n\n<p class=\"translation-block\">Our firm provides <strong>defense and assistance to individuals and legal entities<\/strong> at all stages of criminal proceedings.<\/p>\n\n\n\n<ul class=\"wp-block-list\">\n<li>Assistance en garde \u00e0 vue et lors des enqu\u00eates<\/li>\n\n\n\n<li>D\u00e9fense devant les juridictions p\u00e9nales<\/li>\n\n\n\n<li>Repr\u00e9sentation des victimes et constitution de partie civile<\/li>\n\n\n\n<li>Analyse et qualification juridique des infractions<\/li>\n\n\n\n<li>\u00c9laboration de strat\u00e9gies de d\u00e9fense adapt\u00e9es<\/li>\n\n\n\n<li>R\u00e9daction d\u2019actes et conclusions p\u00e9nales<\/li>\n\n\n\n<li>Suivi des proc\u00e9dures d\u2019instructions et de jugement<\/li>\n<\/ul>\n\n\n\n<h2 class=\"wp-block-heading\">Droit p\u00e9nal des affaires<\/h2>\n\n\n\n<p>Nous accompagnons les <strong>entreprises, dirigeants et cadres<\/strong> confront\u00e9s \u00e0 des risques ou poursuites p\u00e9nales li\u00e9s \u00e0 leurs activit\u00e9s.<\/p>\n\n\n\n<ul class=\"wp-block-list\">\n<li>D\u00e9fense p\u00e9nale des dirigeants et personnes morales<\/li>\n\n\n\n<li>Assistance en cas de poursuites pour :<\/li>\n\n\n\n<li>Abus de biens sociaux<\/li>\n\n\n\n<li>Fraude et escroquerie<\/li>\n\n\n\n<li>Corruption et infractions assimil\u00e9es<\/li>\n\n\n\n<li>Blanchiment de capitaux<\/li>\n\n\n\n<li>Infractions financi\u00e8res et \u00e9conomiques<\/li>\n\n\n\n<li>Conseil et gestion du risque p\u00e9nal en entreprise<\/li>\n\n\n\n<li>Assistance lors des contr\u00f4les, audits et enqu\u00eates<\/li>\n\n\n\n<li>Mise en place de strat\u00e9gies de conformit\u00e9 et de pr\u00e9vention<\/li>\n\n\n\n<li>Gestion des contentieux p\u00e9naux complexes<\/li>\n<\/ul>\n\n\n\n<p><\/p>","protected":false},"excerpt":{"rendered":"<p>Des passionn\u00e9s du droit p\u00e9nal maitrisant des techniques particuli\u00e8res d\u2019examinations de la preuve orale par le t\u00e9moin et \u00e9crit au travers des pi\u00e8ces se fonde dans un univers de la science criminelle chaque jour pour garantir l\u2019efficacit\u00e9 de l\u2019assistance, la d\u00e9fense et la plaidoirie en mati\u00e8re&nbsp;criminelle&nbsp;; L\u2019art oratoire, l\u2019analyse scientifique des pi\u00e8ces et la maitrise [&hellip;]<\/p>","protected":false},"author":3,"featured_media":0,"parent":0,"menu_order":0,"comment_status":"closed","ping_status":"closed","template":"","meta":{"footnotes":""},"class_list":["post-7471","page","type-page","status-publish","hentry"],"_links":{"self":[{"href":"https:\/\/bocobleadadvocates.com\/en\/wp-json\/wp\/v2\/pages\/7471","targetHints":{"allow":["GET"]}}],"collection":[{"href":"https:\/\/bocobleadadvocates.com\/en\/wp-json\/wp\/v2\/pages"}],"about":[{"href":"https:\/\/bocobleadadvocates.com\/en\/wp-json\/wp\/v2\/types\/page"}],"author":[{"embeddable":true,"href":"https:\/\/bocobleadadvocates.com\/en\/wp-json\/wp\/v2\/users\/3"}],"replies":[{"embeddable":true,"href":"https:\/\/bocobleadadvocates.com\/en\/wp-json\/wp\/v2\/comments?post=7471"}],"version-history":[{"count":4,"href":"https:\/\/bocobleadadvocates.com\/en\/wp-json\/wp\/v2\/pages\/7471\/revisions"}],"predecessor-version":[{"id":8074,"href":"https:\/\/bocobleadadvocates.com\/en\/wp-json\/wp\/v2\/pages\/7471\/revisions\/8074"}],"wp:attachment":[{"href":"https:\/\/bocobleadadvocates.com\/en\/wp-json\/wp\/v2\/media?parent=7471"}],"curies":[{"name":"wp","href":"https:\/\/api.w.org\/{rel}","templated":true}]}}