{"id":7473,"date":"2023-09-20T07:59:34","date_gmt":"2023-09-20T07:59:34","guid":{"rendered":"https:\/\/demo.goodlayers.com\/attorna\/homepages\/demo7\/?page_id=7473"},"modified":"2026-01-12T21:53:31","modified_gmt":"2026-01-12T20:53:31","slug":"droits-des-transports","status":"publish","type":"page","link":"https:\/\/bocobleadadvocates.com\/en\/droits-des-transports\/","title":{"rendered":"Transport Law (Air\/Maritime)"},"content":{"rendered":"<p>Lawyers capable of advising on and resolving issues related to maritime and air law, contracts, and transport insurance.<\/p>\n\n\n\n<p>Nous apportons notre expertise \u00e0 l\u2019activit\u00e9 des transports des personnes, des biens et marchandises par voie maritime, a\u00e9rien ou terrestre au travers de la gestion d\u2019une conformit\u00e9 des activit\u00e9s par les Lois et r\u00e8gles nationales et internationales li\u00e9 aux usagers et transporteurs pour la s\u00e9curit\u00e9 et la qualit\u00e9 des transports.<\/p>\n\n\n\n<p><\/p>","protected":false},"excerpt":{"rendered":"<p>Des Avocats capables de conseiller et r\u00e9soudre les questions de droit maritime et a\u00e9rien, contrat et assurance de transport. Nous apportons notre expertise \u00e0 l\u2019activit\u00e9 des transports des personnes, des biens et marchandises par voie maritime, a\u00e9rien ou terrestre au travers de la gestion d\u2019une conformit\u00e9 des activit\u00e9s par les Lois et r\u00e8gles nationales et [&hellip;]<\/p>","protected":false},"author":3,"featured_media":0,"parent":0,"menu_order":0,"comment_status":"closed","ping_status":"closed","template":"","meta":{"footnotes":""},"class_list":["post-7473","page","type-page","status-publish","hentry"],"_links":{"self":[{"href":"https:\/\/bocobleadadvocates.com\/en\/wp-json\/wp\/v2\/pages\/7473","targetHints":{"allow":["GET"]}}],"collection":[{"href":"https:\/\/bocobleadadvocates.com\/en\/wp-json\/wp\/v2\/pages"}],"about":[{"href":"https:\/\/bocobleadadvocates.com\/en\/wp-json\/wp\/v2\/types\/page"}],"author":[{"embeddable":true,"href":"https:\/\/bocobleadadvocates.com\/en\/wp-json\/wp\/v2\/users\/3"}],"replies":[{"embeddable":true,"href":"https:\/\/bocobleadadvocates.com\/en\/wp-json\/wp\/v2\/comments?post=7473"}],"version-history":[{"count":5,"href":"https:\/\/bocobleadadvocates.com\/en\/wp-json\/wp\/v2\/pages\/7473\/revisions"}],"predecessor-version":[{"id":8068,"href":"https:\/\/bocobleadadvocates.com\/en\/wp-json\/wp\/v2\/pages\/7473\/revisions\/8068"}],"wp:attachment":[{"href":"https:\/\/bocobleadadvocates.com\/en\/wp-json\/wp\/v2\/media?parent=7473"}],"curies":[{"name":"wp","href":"https:\/\/api.w.org\/{rel}","templated":true}]}}