{"id":7475,"date":"2023-09-20T08:01:17","date_gmt":"2023-09-20T08:01:17","guid":{"rendered":"https:\/\/demo.goodlayers.com\/attorna\/homepages\/demo7\/?page_id=7475"},"modified":"2026-01-05T12:11:47","modified_gmt":"2026-01-05T11:11:47","slug":"assurances-reassurance","status":"publish","type":"page","link":"https:\/\/bocobleadadvocates.com\/en\/assurances-reassurance\/","title":{"rendered":"Insurance \/ Reinsurance"},"content":{"rendered":"<p class=\"translation-block\">Our firm assists insurers, reinsurers, companies, and individuals with all issues related to insurance and reinsurance law. We provide both strategic advice and litigation services, with the constant objective of legally protecting our clients' interests.<\/p>\n\n\n\n<p class=\"translation-block\">We assist our clients at all stages of the insurance relationship: <strong>drafting and analysis of contracts<\/strong>, <strong>claims management<\/strong>, interpretation of <strong>guarantee and exclusion clauses<\/strong>, as well as in disputes relating to <strong>payment of premiums<\/strong> and <strong>compensation<\/strong>.<\/p>\n\n\n\n<p>Our expertise includes, in particular:<\/p>\n\n\n\n<ul class=\"wp-block-list\">\n<li class=\"translation-block\">Advice and structuring of <strong>insurance and reinsurance contracts<\/strong><\/li>\n\n\n\n<li class=\"translation-block\">Support during the <strong>reporting and management of claims<\/strong><\/li>\n\n\n\n<li class=\"translation-block\">Defending the interests of policyholders and insurers in the event of <strong>refusal or dispute of compensation<\/strong><\/li>\n\n\n\n<li class=\"translation-block\">The settlement of amicable and judicial disputes<\/li>\n\n\n\n<li class=\"translation-block\">Compliance with <strong>regulatory and prudential obligations<\/strong><\/li>\n<\/ul>\n\n\n\n<p class=\"translation-block\">Thanks to a perfect mastery of the legal framework and a pragmatic approach, our firm offers <strong>adapted, effective and sustainable solutions<\/strong>, taking into account the economic and technical challenges specific to the insurance and reinsurance sector.<\/p>\n\n\n\n<p><\/p>","protected":false},"excerpt":{"rendered":"<p>Notre cabinet accompagne assureurs, r\u00e9assureurs, entreprises et particuliers dans l\u2019ensemble des probl\u00e9matiques li\u00e9es au droit des assurances et de la r\u00e9assurance. Nous intervenons aussi bien en conseil strat\u00e9gique qu\u2019en contentieux, avec pour objectif constant la s\u00e9curisation juridique des int\u00e9r\u00eats de nos clients. Nous assistons nos clients \u00e0 toutes les \u00e9tapes de la relation d\u2019assurance : [&hellip;]<\/p>","protected":false},"author":3,"featured_media":0,"parent":0,"menu_order":0,"comment_status":"closed","ping_status":"closed","template":"","meta":{"footnotes":""},"class_list":["post-7475","page","type-page","status-publish","hentry"],"_links":{"self":[{"href":"https:\/\/bocobleadadvocates.com\/en\/wp-json\/wp\/v2\/pages\/7475","targetHints":{"allow":["GET"]}}],"collection":[{"href":"https:\/\/bocobleadadvocates.com\/en\/wp-json\/wp\/v2\/pages"}],"about":[{"href":"https:\/\/bocobleadadvocates.com\/en\/wp-json\/wp\/v2\/types\/page"}],"author":[{"embeddable":true,"href":"https:\/\/bocobleadadvocates.com\/en\/wp-json\/wp\/v2\/users\/3"}],"replies":[{"embeddable":true,"href":"https:\/\/bocobleadadvocates.com\/en\/wp-json\/wp\/v2\/comments?post=7475"}],"version-history":[{"count":4,"href":"https:\/\/bocobleadadvocates.com\/en\/wp-json\/wp\/v2\/pages\/7475\/revisions"}],"predecessor-version":[{"id":7956,"href":"https:\/\/bocobleadadvocates.com\/en\/wp-json\/wp\/v2\/pages\/7475\/revisions\/7956"}],"wp:attachment":[{"href":"https:\/\/bocobleadadvocates.com\/en\/wp-json\/wp\/v2\/media?parent=7475"}],"curies":[{"name":"wp","href":"https:\/\/api.w.org\/{rel}","templated":true}]}}