{"id":7477,"date":"2023-09-20T08:02:19","date_gmt":"2023-09-20T08:02:19","guid":{"rendered":"https:\/\/demo.goodlayers.com\/attorna\/homepages\/demo7\/?page_id=7477"},"modified":"2026-01-05T14:12:54","modified_gmt":"2026-01-05T13:12:54","slug":"droits-des-affaires","status":"publish","type":"page","link":"https:\/\/bocobleadadvocates.com\/en\/droits-des-affaires\/","title":{"rendered":"Business Law"},"content":{"rendered":"<p><\/p>\n\n\n\n<p>In an ever-changing business environment, companies face a multitude of legal challenges. From their creation to their daily operations, as well as mergers, acquisitions, and public offerings, corporate and securities law plays an essential role in ensuring their prosperity while complying with a complex web of regulations.<\/p>\n\n\n\n<p>At <strong>BOCOB lead Advocates<\/strong>, our commitment to excellence is unwavering. We understand that every business faces unique challenges, and our legal solutions are tailored to meet your specific needs. We prioritize proactive advice to help you avoid legal pitfalls, and we are ready to defend your interests in the event of a dispute.<\/p>\n\n\n\n<p><\/p>","protected":false},"excerpt":{"rendered":"<p>Dans un environnement commercial en constante \u00e9volution, les entreprises sont confront\u00e9es \u00e0 une multitude de d\u00e9fis juridiques. De leur cr\u00e9ation \u00e0 leurs op\u00e9rations quotidiennes, en passant par les fusions, acquisitions et introductions en bourse, le droit des soci\u00e9t\u00e9s et des valeurs mobili\u00e8res joue un r\u00f4le essentiel pour garantir leur prosp\u00e9rit\u00e9 tout en respectant un r\u00e9seau [&hellip;]<\/p>","protected":false},"author":3,"featured_media":0,"parent":0,"menu_order":0,"comment_status":"closed","ping_status":"closed","template":"","meta":{"footnotes":""},"class_list":["post-7477","page","type-page","status-publish","hentry"],"_links":{"self":[{"href":"https:\/\/bocobleadadvocates.com\/en\/wp-json\/wp\/v2\/pages\/7477","targetHints":{"allow":["GET"]}}],"collection":[{"href":"https:\/\/bocobleadadvocates.com\/en\/wp-json\/wp\/v2\/pages"}],"about":[{"href":"https:\/\/bocobleadadvocates.com\/en\/wp-json\/wp\/v2\/types\/page"}],"author":[{"embeddable":true,"href":"https:\/\/bocobleadadvocates.com\/en\/wp-json\/wp\/v2\/users\/3"}],"replies":[{"embeddable":true,"href":"https:\/\/bocobleadadvocates.com\/en\/wp-json\/wp\/v2\/comments?post=7477"}],"version-history":[{"count":5,"href":"https:\/\/bocobleadadvocates.com\/en\/wp-json\/wp\/v2\/pages\/7477\/revisions"}],"predecessor-version":[{"id":7992,"href":"https:\/\/bocobleadadvocates.com\/en\/wp-json\/wp\/v2\/pages\/7477\/revisions\/7992"}],"wp:attachment":[{"href":"https:\/\/bocobleadadvocates.com\/en\/wp-json\/wp\/v2\/media?parent=7477"}],"curies":[{"name":"wp","href":"https:\/\/api.w.org\/{rel}","templated":true}]}}